{"id":243,"date":"2017-03-21T17:26:20","date_gmt":"2017-03-21T16:26:20","guid":{"rendered":"http:\/\/www.naturglimtar.se\/?page_id=243"},"modified":"2017-03-22T18:32:15","modified_gmt":"2017-03-22T17:32:15","slug":"kontakt","status":"publish","type":"page","link":"https:\/\/www.naturglimtar.se\/?page_id=243","title":{"rendered":"Kontakt"},"content":{"rendered":"<p>&nbsp;<\/p>\n<blockquote><p><a href=\"mailto:kerstin@naturglimtar.se\"><img loading=\"lazy\" decoding=\"async\" class=\"wp-image-131 size-medium alignright\" style=\"border: 0px;\" src=\"http:\/\/www.naturglimtar.se\/wp-content\/uploads\/2016\/03\/brevlada_fixad-269x300.jpg\" alt=\"Brevl\u00e5da\" width=\"269\" height=\"300\" srcset=\"https:\/\/www.naturglimtar.se\/wp-content\/uploads\/2016\/03\/brevlada_fixad-269x300.jpg 269w, https:\/\/www.naturglimtar.se\/wp-content\/uploads\/2016\/03\/brevlada_fixad-768x855.jpg 768w, https:\/\/www.naturglimtar.se\/wp-content\/uploads\/2016\/03\/brevlada_fixad-600x668.jpg 600w, https:\/\/www.naturglimtar.se\/wp-content\/uploads\/2016\/03\/brevlada_fixad.jpg 863w\" sizes=\"auto, (max-width: 269px) 100vw, 269px\" \/><\/a><\/p>\n<ul>\n<li><span class=\"brtxt\">E-post\u00a0<\/span><strong><span class=\"brtxtfet\"><a href=\"mailto:kerstin@naturglimtar.se\">H\u00c4R<\/a> <\/span><\/strong><span class=\"brtxt\">!<\/span><\/li>\n<li>Jag finns \u00e4ven p\u00e5 <strong><a href=\"https:\/\/www.facebook.com\/kerstin.magneson?fref=ts\" target=\"_blank\">Facebook<\/a><\/strong>. V\u00e4lkommen dit att titta p\u00e5 mina bilder<\/li>\n<li>V\u00e4lkommen \u00e4ven till mina bloggar. Klicka p\u00e5 l\u00e4nken nedan!<\/li>\n<li><strong><a href=\"http:\/\/naturglimtar.blogspot.se\/\" target=\"_blank\">naturglimtar.blogspot.se<\/a><\/strong><\/li>\n<\/ul>\n<\/blockquote>\n<p>&nbsp;<\/p>\n<p style=\"text-align: right;\">\n<!-- AddThis Advanced Settings generic via filter on the_content --><!-- AddThis Share Buttons generic via filter on the_content -->","protected":false},"excerpt":{"rendered":"<p>&nbsp; E-post\u00a0H\u00c4R ! Jag finns \u00e4ven p\u00e5 Facebook. V\u00e4lkommen dit att titta p\u00e5 mina bilder V\u00e4lkommen \u00e4ven till mina bloggar. Klicka p\u00e5 l\u00e4nken nedan! naturglimtar.blogspot.se &nbsp;<!-- AddThis Advanced Settings generic via filter on wp_trim_excerpt --><!-- AddThis Share Buttons generic via filter on wp_trim_excerpt --><\/p>\n","protected":false},"author":2,"featured_media":0,"parent":0,"menu_order":0,"comment_status":"closed","ping_status":"closed","template":"","meta":{"footnotes":""},"class_list":["post-243","page","type-page","status-publish","hentry"],"_links":{"self":[{"href":"https:\/\/www.naturglimtar.se\/index.php?rest_route=\/wp\/v2\/pages\/243","targetHints":{"allow":["GET"]}}],"collection":[{"href":"https:\/\/www.naturglimtar.se\/index.php?rest_route=\/wp\/v2\/pages"}],"about":[{"href":"https:\/\/www.naturglimtar.se\/index.php?rest_route=\/wp\/v2\/types\/page"}],"author":[{"embeddable":true,"href":"https:\/\/www.naturglimtar.se\/index.php?rest_route=\/wp\/v2\/users\/2"}],"replies":[{"embeddable":true,"href":"https:\/\/www.naturglimtar.se\/index.php?rest_route=%2Fwp%2Fv2%2Fcomments&post=243"}],"version-history":[{"count":4,"href":"https:\/\/www.naturglimtar.se\/index.php?rest_route=\/wp\/v2\/pages\/243\/revisions"}],"predecessor-version":[{"id":285,"href":"https:\/\/www.naturglimtar.se\/index.php?rest_route=\/wp\/v2\/pages\/243\/revisions\/285"}],"wp:attachment":[{"href":"https:\/\/www.naturglimtar.se\/index.php?rest_route=%2Fwp%2Fv2%2Fmedia&parent=243"}],"curies":[{"name":"wp","href":"https:\/\/api.w.org\/{rel}","templated":true}]}}