{"id":663,"date":"2017-12-13T22:15:18","date_gmt":"2017-12-13T21:15:18","guid":{"rendered":"https:\/\/www.naturglimtar.se\/?page_id=663"},"modified":"2017-12-14T16:53:15","modified_gmt":"2017-12-14T15:53:15","slug":"xperiment","status":"publish","type":"page","link":"https:\/\/www.naturglimtar.se\/?page_id=663","title":{"rendered":"Xperiment"},"content":{"rendered":"<p>&nbsp;<\/p>\n<p><a href=\"https:\/\/www.naturglimtar.se\/wp-content\/uploads\/2017\/12\/gem_1000.jpg\"><img loading=\"lazy\" decoding=\"async\" class=\"aligncenter wp-image-659\" src=\"https:\/\/www.naturglimtar.se\/wp-content\/uploads\/2017\/12\/gem_1000.jpg\" alt=\"\" width=\"700\" height=\"438\" srcset=\"https:\/\/www.naturglimtar.se\/wp-content\/uploads\/2017\/12\/gem_1000.jpg 1000w, https:\/\/www.naturglimtar.se\/wp-content\/uploads\/2017\/12\/gem_1000-300x188.jpg 300w, https:\/\/www.naturglimtar.se\/wp-content\/uploads\/2017\/12\/gem_1000-768x480.jpg 768w, https:\/\/www.naturglimtar.se\/wp-content\/uploads\/2017\/12\/gem_1000-600x375.jpg 600w\" sizes=\"auto, (max-width: 700px) 100vw, 700px\" \/><\/a><\/p>\n<p><strong>Ett litet experiment<\/strong> med olika f\u00f6rem\u00e5l p\u00e5 ett reflekterande underlag&#8230;<\/p>\n<style type=\"text\/css\">\n\t#foogallery-gallery-658 .fg-image {\n        width: 150px;\n    }\n<\/style>\n\t\t\t\t<div class=\"foogallery foogallery-container foogallery-default foogallery-lightbox-foobox fg-gutter-10 fg-center fg-default fg-light fg-loading-default fg-loaded-fade-in fg-caption-hover fg-hover-fade fg-hover-zoom3 fg-ready\" id=\"foogallery-gallery-658\" data-foogallery=\"{&quot;item&quot;:{&quot;showCaptionTitle&quot;:false,&quot;showCaptionDescription&quot;:false},&quot;lazy&quot;:true}\" >\n\t<div class=\"fg-item fg-type-image fg-idle\"><figure class=\"fg-item-inner\"><a href=\"https:\/\/www.naturglimtar.se\/wp-content\/uploads\/2017\/12\/gem_1000.jpg\" data-attachment-id=\"659\" data-type=\"image\" class=\"fg-thumb\"><span class=\"fg-image-wrap\"><img decoding=\"async\" width=\"150\" height=\"150\" class=\"skip-lazy fg-image\" data-src-fg=\"https:\/\/www.naturglimtar.se\/wp-content\/uploads\/cache\/2017\/12\/gem_1000\/4176430568.jpg\" src=\"data:image\/svg+xml,%3Csvg%20xmlns%3D%22http%3A%2F%2Fwww.w3.org%2F2000%2Fsvg%22%20width%3D%22150%22%20height%3D%22150%22%20viewBox%3D%220%200%20150%20150%22%3E%3C%2Fsvg%3E\" loading=\"eager\"><\/span><span class=\"fg-image-overlay\"><\/span><\/a><figcaption class=\"fg-caption\"><div class=\"fg-caption-inner\"><\/div><\/figcaption><\/figure><div class=\"fg-loader\"><\/div><\/div><div class=\"fg-item fg-type-image fg-idle\"><figure class=\"fg-item-inner\"><a href=\"https:\/\/www.naturglimtar.se\/wp-content\/uploads\/2017\/12\/glas_tarning_1000.jpg\" data-attachment-id=\"660\" data-type=\"image\" class=\"fg-thumb\"><span class=\"fg-image-wrap\"><img decoding=\"async\" width=\"150\" height=\"150\" class=\"skip-lazy fg-image\" data-src-fg=\"https:\/\/www.naturglimtar.se\/wp-content\/uploads\/cache\/2017\/12\/glas_tarning_1000\/3748039748.jpg\" src=\"data:image\/svg+xml,%3Csvg%20xmlns%3D%22http%3A%2F%2Fwww.w3.org%2F2000%2Fsvg%22%20width%3D%22150%22%20height%3D%22150%22%20viewBox%3D%220%200%20150%20150%22%3E%3C%2Fsvg%3E\" loading=\"eager\"><\/span><span class=\"fg-image-overlay\"><\/span><\/a><figcaption class=\"fg-caption\"><div class=\"fg-caption-inner\"><\/div><\/figcaption><\/figure><div class=\"fg-loader\"><\/div><\/div><div class=\"fg-item fg-type-image fg-idle\"><figure class=\"fg-item-inner\"><a href=\"https:\/\/www.naturglimtar.se\/wp-content\/uploads\/2017\/12\/lappstift_1000.jpg\" data-attachment-id=\"661\" data-type=\"image\" class=\"fg-thumb\"><span class=\"fg-image-wrap\"><img decoding=\"async\" width=\"150\" height=\"150\" class=\"skip-lazy fg-image\" data-src-fg=\"https:\/\/www.naturglimtar.se\/wp-content\/uploads\/cache\/2017\/12\/lappstift_1000\/1162848622.jpg\" src=\"data:image\/svg+xml,%3Csvg%20xmlns%3D%22http%3A%2F%2Fwww.w3.org%2F2000%2Fsvg%22%20width%3D%22150%22%20height%3D%22150%22%20viewBox%3D%220%200%20150%20150%22%3E%3C%2Fsvg%3E\" loading=\"eager\"><\/span><span class=\"fg-image-overlay\"><\/span><\/a><figcaption class=\"fg-caption\"><div class=\"fg-caption-inner\"><\/div><\/figcaption><\/figure><div class=\"fg-loader\"><\/div><\/div><div class=\"fg-item fg-type-image fg-idle\"><figure class=\"fg-item-inner\"><a href=\"https:\/\/www.naturglimtar.se\/wp-content\/uploads\/2017\/12\/red_leaf_1000.jpg\" data-attachment-id=\"662\" data-type=\"image\" class=\"fg-thumb\"><span class=\"fg-image-wrap\"><img decoding=\"async\" width=\"150\" height=\"150\" class=\"skip-lazy fg-image\" data-src-fg=\"https:\/\/www.naturglimtar.se\/wp-content\/uploads\/cache\/2017\/12\/red_leaf_1000\/3057762756.jpg\" src=\"data:image\/svg+xml,%3Csvg%20xmlns%3D%22http%3A%2F%2Fwww.w3.org%2F2000%2Fsvg%22%20width%3D%22150%22%20height%3D%22150%22%20viewBox%3D%220%200%20150%20150%22%3E%3C%2Fsvg%3E\" loading=\"eager\"><\/span><span class=\"fg-image-overlay\"><\/span><\/a><figcaption class=\"fg-caption\"><div class=\"fg-caption-inner\"><\/div><\/figcaption><\/figure><div class=\"fg-loader\"><\/div><\/div><\/div>\n\n<p>&nbsp;<\/p>\n<p>&nbsp;<\/p>\n<!-- AddThis Advanced Settings generic via filter on the_content --><!-- AddThis Share Buttons generic via filter on the_content -->","protected":false},"excerpt":{"rendered":"<p>&nbsp; Ett litet experiment med olika f\u00f6rem\u00e5l p\u00e5 ett reflekterande underlag&#8230; &nbsp; &nbsp;<!-- AddThis Advanced Settings generic via filter on wp_trim_excerpt --><!-- AddThis Share Buttons generic via filter on wp_trim_excerpt --><\/p>\n","protected":false},"author":2,"featured_media":0,"parent":0,"menu_order":0,"comment_status":"closed","ping_status":"closed","template":"","meta":{"footnotes":""},"class_list":["post-663","page","type-page","status-publish","hentry"],"_links":{"self":[{"href":"https:\/\/www.naturglimtar.se\/index.php?rest_route=\/wp\/v2\/pages\/663","targetHints":{"allow":["GET"]}}],"collection":[{"href":"https:\/\/www.naturglimtar.se\/index.php?rest_route=\/wp\/v2\/pages"}],"about":[{"href":"https:\/\/www.naturglimtar.se\/index.php?rest_route=\/wp\/v2\/types\/page"}],"author":[{"embeddable":true,"href":"https:\/\/www.naturglimtar.se\/index.php?rest_route=\/wp\/v2\/users\/2"}],"replies":[{"embeddable":true,"href":"https:\/\/www.naturglimtar.se\/index.php?rest_route=%2Fwp%2Fv2%2Fcomments&post=663"}],"version-history":[{"count":8,"href":"https:\/\/www.naturglimtar.se\/index.php?rest_route=\/wp\/v2\/pages\/663\/revisions"}],"predecessor-version":[{"id":674,"href":"https:\/\/www.naturglimtar.se\/index.php?rest_route=\/wp\/v2\/pages\/663\/revisions\/674"}],"wp:attachment":[{"href":"https:\/\/www.naturglimtar.se\/index.php?rest_route=%2Fwp%2Fv2%2Fmedia&parent=663"}],"curies":[{"name":"wp","href":"https:\/\/api.w.org\/{rel}","templated":true}]}}